{"id":2213,"date":"2023-11-05T17:31:03","date_gmt":"2023-11-05T16:31:03","guid":{"rendered":"https:\/\/labyrinthegalaxie.ca\/liste-des-gagnants\/"},"modified":"2023-11-09T10:11:58","modified_gmt":"2023-11-09T09:11:58","slug":"list-of-winners","status":"publish","type":"page","link":"https:\/\/labyrinthegalaxie.ca\/en\/list-of-winners\/","title":{"rendered":"List of winners"},"content":{"rendered":"<div class=\"wpb-content-wrapper\"><p>[vc_row][vc_column][vc_column_text]<\/p>\n<h1 class=\"LC20lb MBeuO DKV0Md\" style=\"text-align: center;\">Liste des gagnants<\/h1>\n<p>[\/vc_column_text][vc_row_inner][vc_column_inner width=&#8221;1\/2&#8243;][vc_video link=&#8221;https:\/\/www.youtube.com\/watch?v=LAqW_9jXPUA&#8221;][\/vc_column_inner][vc_column_inner width=&#8221;1\/2&#8243;][vc_video link=&#8221;https:\/\/www.youtube.com\/watch?v=0cTrrzEFf3U&#8221;][\/vc_column_inner][\/vc_row_inner]<div class=\"hr-thin style-line accent-border-color\" style=\"width: 100%;border-top-width: 1px;\"><\/div>[vc_column_text css=&#8221;.vc_custom_1699521067132{margin-top: 15px !important;}&#8221;]<\/p>\n<h5>Alex Desch\u00eanes a gagn\u00e9 le cadeau 1 paire de passes de 20 minutes au Laser Game Evolution<br \/>\nAmelie Doyon Richer a gagn\u00e9 le cadeau 1 paire de passes de 20 minutes au Laser Game Evolution<br \/>\nAm\u00e9lie Savage a gagn\u00e9 le cadeau Certificat-cadeau de 50$ chez St-Hubert<br \/>\nAng\u00e8le Lincourt a gagn\u00e9 le cadeau 1 paire de passes de 20 minutes au Laser Game Evolution<br \/>\nAnik Desrochers a gagn\u00e9 le cadeau Ski St-Bruno &#8211; 1 paire de passes pour 4 heures<br \/>\nAnthony Comte a gagn\u00e9 le cadeau Passe famille pour Labyrinthe Galaxie 2024<br \/>\nAur\u00e9lie Dubuc a gagn\u00e9 le cadeau 1 paire de passes de 20 minutes au Laser Game Evolution<br \/>\nVal\u00e9rie Deziel a gagn\u00e9 le cadeau 4 billets pour Escape Room<br \/>\nAymene Bensetiti a gagn\u00e9 le cadeau Carte cadeau d&#8217;\u00e9picerie de 1 000$<br \/>\nBenjamin Dionne a gagn\u00e9 le cadeau Passe famille pour Labyrinthe Galaxie 2024<br \/>\nBenoit Tremblay a gagn\u00e9 le cadeau Certificat-cadeau de 50$ chez St-Hubert<br \/>\nbryan Pierro a gagn\u00e9 le cadeau Passe famille pour Labyrinthe Galaxie 2024<br \/>\nCamille Boisson a gagn\u00e9 le cadeau Certificat-cadeau de 50$ chez St-Hubert<br \/>\nCarl Morelli a gagn\u00e9 le cadeau Passe famille pour Labyrinthe Galaxie 2024<br \/>\nCaroline Brodeur a gagn\u00e9 le cadeau Ski St-Bruno &#8211; 1 paire de passes pour 4 heures<br \/>\nCaroline Dion a gagn\u00e9 le cadeau Passe famille pour Labyrinthe Galaxie 2024<br \/>\nCaroline Lescard a gagn\u00e9 le cadeau Passe famille pour Labyrinthe Galaxie 2024<br \/>\ncedric imbeault a gagn\u00e9 le cadeau Passe famille pour Labyrinthe Galaxie 2024<br \/>\nChantale Noel a gagn\u00e9 le cadeau Passe famille pour Labyrinthe Galaxie 2024<br \/>\nChlo\u00e9 Gendron a gagn\u00e9 le cadeau Carte cadeau d&#8217;\u00e9picerie de 1 000$<br \/>\nchris goedike a gagn\u00e9 le cadeau Passe famille pour Labyrinthe Galaxie 2024<br \/>\nDavid Pr\u00e9vost-lavoie a gagn\u00e9 le cadeau 1 paire de passes de 20 minutes au Laser Game Evolution<br \/>\nDavid Robert a gagn\u00e9 le cadeau Passe famille pour Labyrinthe Galaxie 2024<br \/>\nDominic Sanfacon a gagn\u00e9 le cadeau Certificat-cadeau de 50$ chez St-Hubert<br \/>\nDylan LANGEVIN a gagn\u00e9 le cadeau Passe famille pour Labyrinthe Galaxie 2024<br \/>\nelena meza a gagn\u00e9 le cadeau Passe famille pour Labyrinthe Galaxie 2024<br \/>\nEliane Gadbois a gagn\u00e9 le cadeau Ski St-Bruno &#8211; 1 paire de passes pour 4 heures<br \/>\nElliot Rapha\u00ebl Marleau-Noaille a gagn\u00e9 le cadeau Passe famille pour Labyrinthe Galaxie 2024<br \/>\nEmerik Sauro-Germain a gagn\u00e9 le cadeau 1 paire de passes de 20 minutes au Laser Game Evolution<br \/>\nEmmanuelle Jeannotte a gagn\u00e9 le cadeau Passe famille pour Labyrinthe Galaxie 2024<br \/>\nEve-Marie Steingue a gagn\u00e9 le cadeau 1 paire de passes de 20 minutes au Laser Game Evolution<br \/>\nFr\u00e9d\u00e9ric Heu a gagn\u00e9 le cadeau Passe famille pour Labyrinthe Galaxie 2024<br \/>\nFr\u00e9d\u00e9ricke Boies a gagn\u00e9 le cadeau Certificat-cadeau de 50$ chez St-Hubert<br \/>\ngelanka fenelon Vital a gagn\u00e9 le cadeau Certificat-cadeau de 50$ chez St-Hubert<br \/>\nGenevi\u00e8ve Leboeuf a gagn\u00e9 le cadeau 4 billets pour Escape Room<br \/>\nGuillaume Fug\u00e8re a gagn\u00e9 le cadeau Ski St-Bruno &#8211; 1 paire de passes pour 4 heures<br \/>\nHubert Guertin a gagn\u00e9 le cadeau Passe famille pour Labyrinthe Galaxie 2024<br \/>\nHugo Frapp\u00e9 a gagn\u00e9 le cadeau Certificat-cadeau de 50$ chez St-Hubert<br \/>\nIrina Michot a gagn\u00e9 le cadeau Passe famille pour Labyrinthe Galaxie 2024<br \/>\nJacynthe Rioux a gagn\u00e9 le cadeau Passe famille pour Labyrinthe Galaxie 2024<br \/>\nJake-Kyle Nantel a gagn\u00e9 le cadeau Passe famille pour Labyrinthe Galaxie 2024<br \/>\nJasmine Caron a gagn\u00e9 le cadeau Passe famille pour Labyrinthe Galaxie 2024<br \/>\nJazmin Lopez a gagn\u00e9 le cadeau Passe famille pour Labyrinthe Galaxie 2024<br \/>\nJean-Daniel Savoie a gagn\u00e9 le cadeau Certificat-cadeau de 50$ chez St-Hubert<br \/>\nJean-guy Laliberte a gagn\u00e9 le cadeau Passe famille pour Labyrinthe Galaxie 2024<br \/>\nJean-Marc Hebert a gagn\u00e9 le cadeau Passe famille pour Labyrinthe Galaxie 2024<br \/>\nJennifer Lee a gagn\u00e9 le cadeau Passe famille pour Labyrinthe Galaxie 2024<br \/>\nJeremy Samuel a gagn\u00e9 le cadeau Passe famille pour Labyrinthe Galaxie 2024<br \/>\nJonathan Habra a gagn\u00e9 le cadeau Passe famille pour Labyrinthe Galaxie 2024<br \/>\nJosee Levesque a gagn\u00e9 le cadeau Certificat-cadeau de 50$ chez St-Hubert<br \/>\nJulie Blanchette a gagn\u00e9 le cadeau 1 paire de passes de 20 minutes au Laser Game Evolution<br \/>\nJulie Leblond a gagn\u00e9 le cadeau 1 paire de passes de 20 minutes au Laser Game Evolution<br \/>\nJustin L\u00e9cuyer a gagn\u00e9 le cadeau Certificat-cadeau de 50$ chez St-Hubert<br \/>\nKarine Simard a gagn\u00e9 le cadeau 1 paire de passes de 20 minutes au Laser Game Evolution<br \/>\nKelly Charron a gagn\u00e9 le cadeau Ski St-Bruno 1 paire de passes pour 4 heures<br \/>\nKelly-Ann Thibault a gagn\u00e9 le cadeau Ski St-Bruno &#8211; 1 paire de passes pour 4 heures<br \/>\nKevin Thibert a gagn\u00e9 le cadeau 1 paire de passes de 20 minutes au Laser Game Evolution<br \/>\nLaurence Boucher a gagn\u00e9 le cadeau Passe famille pour Labyrinthe Galaxie 2024<br \/>\nLaurent Lussier Malenfant a gagn\u00e9 le cadeau 1 paire de passes de 20 minutes au Laser Game Evolution<br \/>\nLaurie Riel-Par\u00e9 a gagn\u00e9 le cadeau Passe famille pour Labyrinthe Galaxie 2024<br \/>\nLorraine Jacob a gagn\u00e9 le cadeau 1 paire de passes de 20 minutes au Laser Game Evolution<br \/>\nLouis Gagnon a gagn\u00e9 le cadeau Passe famille pour Labyrinthe Galaxie 2024<br \/>\nLucianna Cianci Mora a gagn\u00e9 le cadeau 4 billets pour Escape Room<br \/>\nMagali Audet a gagn\u00e9 le cadeau 1 paire de passes de 20 minutes au Laser Game Evolution<br \/>\nManuel B\u00e9lisle a gagn\u00e9 le cadeau Passe famille pour Labyrinthe Galaxie 2024<br \/>\nMarianne Jalbert a gagn\u00e9 le cadeau Certificat-cadeau de 50$ chez St-Hubert<br \/>\nMarie Eve Biron a gagn\u00e9 le cadeau Ski St-Bruno &#8211; 1 paire de passes pour 4 heures<br \/>\nMarie-Pierre Bolduc a gagn\u00e9 le cadeau Certificat-cadeau de 50$ chez St-Hubert<br \/>\nMarjorie Chatelier a gagn\u00e9 le cadeau Passe famille pour Labyrinthe Galaxie 2024<br \/>\nMaryse Gauthier a gagn\u00e9 le cadeau 4 billets pour Escape Room<br \/>\nMathieu Tremblay a gagn\u00e9 le cadeau Certificat-cadeau de 50$ chez St-Hubert<br \/>\nMaxime Capela a gagn\u00e9 le cadeau Cr\u00e9dit voyage de 2 500$<br \/>\nMaxime Cote a gagn\u00e9 le cadeau Passe famille pour Labyrinthe Galaxie 2024<br \/>\nMaxime Daviault a gagn\u00e9 le cadeau Certificat-cadeau de 50$ chez St-Hubert<br \/>\nM\u00e9gan Paradis a gagn\u00e9 le cadeau 1 paire de passes de 20 minutes au Laser Game Evolution<br \/>\nM\u00e9lissa Bourdon beaulieu a gagn\u00e9 le cadeau Passe famille pour Labyrinthe Galaxie 2024<br \/>\nMelissa Turgeon a gagn\u00e9 le cadeau Certificat-cadeau de 50$ chez St-Hubert<br \/>\nNathan Lefebvre a gagn\u00e9 le cadeau Ski St-Bruno &#8211; 1 passe famille illimit\u00e9<br \/>\nnelly hince a gagn\u00e9 le cadeau Passe famille pour Labyrinthe Galaxie 2024<br \/>\nNicolas Rousseaux a gagn\u00e9 le cadeau 1 paire de passes de 20 minutes au Laser Game Evolution<br \/>\nPam\u00e9la Dionne a gagn\u00e9 le cadeau Ski St-Bruno &#8211; 1 paire de passes pour 4 heures<br \/>\nPatricia Hall a gagn\u00e9 le cadeau Carte cadeau d&#8217;\u00e9picerie de 1 000$<br \/>\nPatrick Charpentier a gagn\u00e9 le cadeau Passe famille pour Labyrinthe Galaxie 2024<br \/>\nPhat Vichenker a gagn\u00e9 le cadeau 1 paire de passes de 20 minutes au Laser Game Evolution<br \/>\nPhilippe Dussault a gagn\u00e9 le cadeau 1 paire de passes de 20 minutes au Laser Game Evolution<br \/>\nRJ Martel a gagn\u00e9 le cadeau Certificat-cadeau de 50$ chez St-Hubert<br \/>\nRosalie Desmarais a gagn\u00e9 le cadeau Certificat-cadeau de 50$ chez St-Hubert<br \/>\nSabrina Maill\u00e9 a gagn\u00e9 le cadeau Certificat-cadeau de 50$ chez St-Hubert<br \/>\nSabrina St-Pierre a gagn\u00e9 le cadeau Passe famille pour Labyrinthe Galaxie 2024<br \/>\nSamuel Girard a gagn\u00e9 le cadeau Passe famille pour Labyrinthe Galaxie 2024<br \/>\nSamuel Savoie-riendeau a gagn\u00e9 le cadeau 1 paire de passes de 20 minutes au Laser Game Evolution<br \/>\nSandra Guillemette a gagn\u00e9 le cadeau Passe famille pour Labyrinthe Galaxie 2024<br \/>\nSarra Soualmia a gagn\u00e9 le cadeau Ski St-Bruno &#8211; 1 paire de passes pour 4 heures<br \/>\nS\u00e9bastien David a gagn\u00e9 le cadeau Passe famille pour Labyrinthe Galaxie 2024<br \/>\nSelma Hadzic a gagn\u00e9 le cadeau Certificat-cadeau de 50$ chez St-Hubert<br \/>\nSophie Pichette a gagn\u00e9 le cadeau Passe famille pour Labyrinthe Galaxie 2024<br \/>\nSt\u00e9phane Tremblay a gagn\u00e9 le cadeau Certificat-cadeau de 50$ chez St-Hubert<br \/>\nStephane Viens a gagn\u00e9 le cadeau 1 paire de passes de 20 minutes au Laser Game Evolution<br \/>\nStephanie Beaulieu a gagn\u00e9 le cadeau Passe famille pour Labyrinthe Galaxie 2024<br \/>\nSt\u00e9phanie Bouchard a gagn\u00e9 le cadeau Passe famille pour Labyrinthe Galaxie 2024<br \/>\nStephanie Mckeown a gagn\u00e9 le cadeau Passe famille pour Labyrinthe Galaxie 2024<br \/>\nSteve Pruneau a gagn\u00e9 le cadeau 1 paire de passes de 20 minutes au Laser Game Evolution<br \/>\nSylvie Bourdeau a gagn\u00e9 le cadeau Passe famille pour Labyrinthe Galaxie 2024<br \/>\nSylvie Cossette a gagn\u00e9 le cadeau Ski St-Bruno &#8211; 1 paire de passes pour 4 heures<br \/>\nThomas Lauzon a gagn\u00e9 le cadeau 4 billets pour Escape Room<br \/>\nTiti Bridoux a gagn\u00e9 le cadeau Passe famille pour Labyrinthe Galaxie 2024<br \/>\nTommy Woods a gagn\u00e9 le cadeau Passe famille pour Labyrinthe Galaxie 2024<br \/>\nValerie Brousseau a gagn\u00e9 le cadeau Passe famille pour Labyrinthe Galaxie 2024<br \/>\nVal\u00e9rie Carmel a gagn\u00e9 le cadeau Passe famille pour Labyrinthe Galaxie 2024<br \/>\nValerie Lachapelle a gagn\u00e9 le cadeau 1 paire de passes de 20 minutes au Laser Game Evolution<br \/>\nVanessa Boisvert a gagn\u00e9 le cadeau 1 paire de passes de 20 minutes au Laser Game Evolution<br \/>\nV\u00e9ronique Landry a gagn\u00e9 le cadeau Passe famille pour Labyrinthe Galaxie 2024<br \/>\nVicky Lefebvre a gagn\u00e9 le cadeau Passe famille pour Labyrinthe Galaxie 2024<br \/>\nVince Goulet a gagn\u00e9 le cadeau 1 paire de passes de 20 minutes au Laser Game Evolution<br \/>\nWiliam Vega a gagn\u00e9 le cadeau 1 paire de passes de 20 minutes au Laser Game Evolution<\/h5>\n<p>[\/vc_column_text][\/vc_column][\/vc_row]<\/p>\n<\/div>","protected":false},"excerpt":{"rendered":"<p>[vc_row][vc_column][vc_column_text] Liste des gagnants [\/vc_column_text][vc_row_inner][vc_column_inner width=&#8221;1\/2&#8243;][vc_video link=&#8221;https:\/\/www.youtube.com\/watch?v=LAqW_9jXPUA&#8221;][\/vc_column_inner][vc_column_inner width=&#8221;1\/2&#8243;][vc_video link=&#8221;https:\/\/www.youtube.com\/watch?v=0cTrrzEFf3U&#8221;][\/vc_column_inner][\/vc_row_inner][vc_column_text css=&#8221;.vc_custom_1699521067132{margin-top: 15px !important;}&#8221;] Alex Desch\u00eanes a gagn\u00e9 le cadeau 1 paire de passes de 20 minutes au Laser Game Evolution Amelie Doyon Richer a gagn\u00e9 le cadeau 1 paire de passes de 20 minutes au Laser Game Evolution Am\u00e9lie Savage a gagn\u00e9 le cadeau Certificat-cadeau de&hellip;<\/p>\n","protected":false},"author":4,"featured_media":0,"parent":0,"menu_order":0,"comment_status":"closed","ping_status":"closed","template":"","meta":{"footnotes":""},"class_list":["post-2213","page","type-page","status-publish","hentry","description-off"],"yoast_head":"<!-- This site is optimized with the Yoast SEO plugin v27.2 - https:\/\/yoast.com\/product\/yoast-seo-wordpress\/ -->\n<title>List of winners - Labyrinthe Galaxie<\/title>\n<meta name=\"robots\" content=\"index, follow, max-snippet:-1, max-image-preview:large, max-video-preview:-1\" \/>\n<link rel=\"canonical\" href=\"https:\/\/labyrinthegalaxie.ca\/en\/list-of-winners\/\" \/>\n<meta property=\"og:locale\" content=\"en_US\" \/>\n<meta property=\"og:type\" content=\"article\" \/>\n<meta property=\"og:title\" content=\"List of winners - Labyrinthe Galaxie\" \/>\n<meta property=\"og:description\" content=\"[vc_row][vc_column][vc_column_text] Liste des gagnants [\/vc_column_text][vc_row_inner][vc_column_inner width=&#8221;1\/2&#8243;][vc_video link=&#8221;https:\/\/www.youtube.com\/watch?v=LAqW_9jXPUA&#8221;][\/vc_column_inner][vc_column_inner width=&#8221;1\/2&#8243;][vc_video link=&#8221;https:\/\/www.youtube.com\/watch?v=0cTrrzEFf3U&#8221;][\/vc_column_inner][\/vc_row_inner][vc_column_text css=&#8221;.vc_custom_1699521067132{margin-top: 15px !important;}&#8221;] Alex Desch\u00eanes a gagn\u00e9 le cadeau 1 paire de passes de 20 minutes au Laser Game Evolution Amelie Doyon Richer a gagn\u00e9 le cadeau 1 paire de passes de 20 minutes au Laser Game Evolution Am\u00e9lie Savage a gagn\u00e9 le cadeau Certificat-cadeau de&hellip;\" \/>\n<meta property=\"og:url\" content=\"https:\/\/labyrinthegalaxie.ca\/en\/list-of-winners\/\" \/>\n<meta property=\"og:site_name\" content=\"Labyrinthe Galaxie\" \/>\n<meta property=\"article:publisher\" content=\"https:\/\/www.facebook.com\/labyrinthegalaxie\" \/>\n<meta property=\"article:modified_time\" content=\"2023-11-09T09:11:58+00:00\" \/>\n<meta property=\"og:image\" content=\"https:\/\/labyrinthegalaxie.ca\/wp-content\/uploads\/2023\/07\/PasseportVacance700X420_FR-1.jpg\" \/>\n\t<meta property=\"og:image:width\" content=\"698\" \/>\n\t<meta property=\"og:image:height\" content=\"420\" \/>\n\t<meta property=\"og:image:type\" content=\"image\/jpeg\" \/>\n<meta name=\"twitter:card\" content=\"summary_large_image\" \/>\n<meta name=\"twitter:label1\" content=\"Est. reading time\" \/>\n\t<meta name=\"twitter:data1\" content=\"8 minutes\" \/>\n<script type=\"application\/ld+json\" class=\"yoast-schema-graph\">{\"@context\":\"https:\/\/schema.org\",\"@graph\":[{\"@type\":\"WebPage\",\"@id\":\"https:\/\/labyrinthegalaxie.ca\/en\/list-of-winners\/\",\"url\":\"https:\/\/labyrinthegalaxie.ca\/en\/list-of-winners\/\",\"name\":\"List of winners - Labyrinthe Galaxie\",\"isPartOf\":{\"@id\":\"https:\/\/labyrinthegalaxie.ca\/#website\"},\"datePublished\":\"2023-11-05T16:31:03+00:00\",\"dateModified\":\"2023-11-09T09:11:58+00:00\",\"inLanguage\":\"en-US\",\"potentialAction\":[{\"@type\":\"ReadAction\",\"target\":[\"https:\/\/labyrinthegalaxie.ca\/en\/list-of-winners\/\"]}]},{\"@type\":\"WebSite\",\"@id\":\"https:\/\/labyrinthegalaxie.ca\/#website\",\"url\":\"https:\/\/labyrinthegalaxie.ca\/\",\"name\":\"Labyrinthe Galaxie\",\"description\":\"L\u2019aventure est dans le champ\",\"publisher\":{\"@id\":\"https:\/\/labyrinthegalaxie.ca\/#organization\"},\"potentialAction\":[{\"@type\":\"SearchAction\",\"target\":{\"@type\":\"EntryPoint\",\"urlTemplate\":\"https:\/\/labyrinthegalaxie.ca\/?s={search_term_string}\"},\"query-input\":{\"@type\":\"PropertyValueSpecification\",\"valueRequired\":true,\"valueName\":\"search_term_string\"}}],\"inLanguage\":\"en-US\"},{\"@type\":\"Organization\",\"@id\":\"https:\/\/labyrinthegalaxie.ca\/#organization\",\"name\":\"Labyrinthe Galaxie\",\"url\":\"https:\/\/labyrinthegalaxie.ca\/\",\"logo\":{\"@type\":\"ImageObject\",\"inLanguage\":\"en-US\",\"@id\":\"https:\/\/labyrinthegalaxie.ca\/#\/schema\/logo\/image\/\",\"url\":\"https:\/\/labyrinthegalaxie.ca\/wp-content\/uploads\/2023\/07\/PasseportVacance700X420_FR-1.jpg\",\"contentUrl\":\"https:\/\/labyrinthegalaxie.ca\/wp-content\/uploads\/2023\/07\/PasseportVacance700X420_FR-1.jpg\",\"width\":698,\"height\":420,\"caption\":\"Labyrinthe Galaxie\"},\"image\":{\"@id\":\"https:\/\/labyrinthegalaxie.ca\/#\/schema\/logo\/image\/\"},\"sameAs\":[\"https:\/\/www.facebook.com\/labyrinthegalaxie\"]}]}<\/script>\n<!-- \/ Yoast SEO plugin. -->","yoast_head_json":{"title":"List of winners - Labyrinthe Galaxie","robots":{"index":"index","follow":"follow","max-snippet":"max-snippet:-1","max-image-preview":"max-image-preview:large","max-video-preview":"max-video-preview:-1"},"canonical":"https:\/\/labyrinthegalaxie.ca\/en\/list-of-winners\/","og_locale":"en_US","og_type":"article","og_title":"List of winners - Labyrinthe Galaxie","og_description":"[vc_row][vc_column][vc_column_text] Liste des gagnants [\/vc_column_text][vc_row_inner][vc_column_inner width=&#8221;1\/2&#8243;][vc_video link=&#8221;https:\/\/www.youtube.com\/watch?v=LAqW_9jXPUA&#8221;][\/vc_column_inner][vc_column_inner width=&#8221;1\/2&#8243;][vc_video link=&#8221;https:\/\/www.youtube.com\/watch?v=0cTrrzEFf3U&#8221;][\/vc_column_inner][\/vc_row_inner][vc_column_text css=&#8221;.vc_custom_1699521067132{margin-top: 15px !important;}&#8221;] Alex Desch\u00eanes a gagn\u00e9 le cadeau 1 paire de passes de 20 minutes au Laser Game Evolution Amelie Doyon Richer a gagn\u00e9 le cadeau 1 paire de passes de 20 minutes au Laser Game Evolution Am\u00e9lie Savage a gagn\u00e9 le cadeau Certificat-cadeau de&hellip;","og_url":"https:\/\/labyrinthegalaxie.ca\/en\/list-of-winners\/","og_site_name":"Labyrinthe Galaxie","article_publisher":"https:\/\/www.facebook.com\/labyrinthegalaxie","article_modified_time":"2023-11-09T09:11:58+00:00","og_image":[{"width":698,"height":420,"url":"https:\/\/labyrinthegalaxie.ca\/wp-content\/uploads\/2023\/07\/PasseportVacance700X420_FR-1.jpg","type":"image\/jpeg"}],"twitter_card":"summary_large_image","twitter_misc":{"Est. reading time":"8 minutes"},"schema":{"@context":"https:\/\/schema.org","@graph":[{"@type":"WebPage","@id":"https:\/\/labyrinthegalaxie.ca\/en\/list-of-winners\/","url":"https:\/\/labyrinthegalaxie.ca\/en\/list-of-winners\/","name":"List of winners - Labyrinthe Galaxie","isPartOf":{"@id":"https:\/\/labyrinthegalaxie.ca\/#website"},"datePublished":"2023-11-05T16:31:03+00:00","dateModified":"2023-11-09T09:11:58+00:00","inLanguage":"en-US","potentialAction":[{"@type":"ReadAction","target":["https:\/\/labyrinthegalaxie.ca\/en\/list-of-winners\/"]}]},{"@type":"WebSite","@id":"https:\/\/labyrinthegalaxie.ca\/#website","url":"https:\/\/labyrinthegalaxie.ca\/","name":"Labyrinthe Galaxie","description":"L\u2019aventure est dans le champ","publisher":{"@id":"https:\/\/labyrinthegalaxie.ca\/#organization"},"potentialAction":[{"@type":"SearchAction","target":{"@type":"EntryPoint","urlTemplate":"https:\/\/labyrinthegalaxie.ca\/?s={search_term_string}"},"query-input":{"@type":"PropertyValueSpecification","valueRequired":true,"valueName":"search_term_string"}}],"inLanguage":"en-US"},{"@type":"Organization","@id":"https:\/\/labyrinthegalaxie.ca\/#organization","name":"Labyrinthe Galaxie","url":"https:\/\/labyrinthegalaxie.ca\/","logo":{"@type":"ImageObject","inLanguage":"en-US","@id":"https:\/\/labyrinthegalaxie.ca\/#\/schema\/logo\/image\/","url":"https:\/\/labyrinthegalaxie.ca\/wp-content\/uploads\/2023\/07\/PasseportVacance700X420_FR-1.jpg","contentUrl":"https:\/\/labyrinthegalaxie.ca\/wp-content\/uploads\/2023\/07\/PasseportVacance700X420_FR-1.jpg","width":698,"height":420,"caption":"Labyrinthe Galaxie"},"image":{"@id":"https:\/\/labyrinthegalaxie.ca\/#\/schema\/logo\/image\/"},"sameAs":["https:\/\/www.facebook.com\/labyrinthegalaxie"]}]}},"_links":{"self":[{"href":"https:\/\/labyrinthegalaxie.ca\/en\/wp-json\/wp\/v2\/pages\/2213","targetHints":{"allow":["GET"]}}],"collection":[{"href":"https:\/\/labyrinthegalaxie.ca\/en\/wp-json\/wp\/v2\/pages"}],"about":[{"href":"https:\/\/labyrinthegalaxie.ca\/en\/wp-json\/wp\/v2\/types\/page"}],"author":[{"embeddable":true,"href":"https:\/\/labyrinthegalaxie.ca\/en\/wp-json\/wp\/v2\/users\/4"}],"replies":[{"embeddable":true,"href":"https:\/\/labyrinthegalaxie.ca\/en\/wp-json\/wp\/v2\/comments?post=2213"}],"version-history":[{"count":3,"href":"https:\/\/labyrinthegalaxie.ca\/en\/wp-json\/wp\/v2\/pages\/2213\/revisions"}],"predecessor-version":[{"id":2217,"href":"https:\/\/labyrinthegalaxie.ca\/en\/wp-json\/wp\/v2\/pages\/2213\/revisions\/2217"}],"wp:attachment":[{"href":"https:\/\/labyrinthegalaxie.ca\/en\/wp-json\/wp\/v2\/media?parent=2213"}],"curies":[{"name":"wp","href":"https:\/\/api.w.org\/{rel}","templated":true}]}}